{"id":1252,"date":"2025-11-28T16:16:39","date_gmt":"2025-11-28T16:16:39","guid":{"rendered":"http:\/\/culturaveracruz.gob.mx\/secver\/?page_id=1252"},"modified":"2026-04-17T18:18:33","modified_gmt":"2026-04-17T18:18:33","slug":"cocodi","status":"publish","type":"page","link":"https:\/\/culturaveracruz.gob.mx\/secver\/cocodi\/","title":{"rendered":"Cocodi"},"content":{"rendered":"\t\t<div data-elementor-type=\"wp-page\" data-elementor-id=\"1252\" class=\"elementor elementor-1252\">\n\t\t\t\t<div class=\"elementor-element elementor-element-f9ccf92 e-flex e-con-boxed e-con e-parent\" data-id=\"f9ccf92\" data-element_type=\"container\" data-e-type=\"container\">\n\t\t\t\t\t<div class=\"e-con-inner\">\n\t\t\t\t<div class=\"elementor-element elementor-element-e6a8806 elementor-widget elementor-widget-n-accordion\" data-id=\"e6a8806\" data-element_type=\"widget\" data-e-type=\"widget\" data-settings=\"{&quot;default_state&quot;:&quot;all_collapsed&quot;,&quot;max_items_expended&quot;:&quot;one&quot;,&quot;n_accordion_animation_duration&quot;:{&quot;unit&quot;:&quot;ms&quot;,&quot;size&quot;:400,&quot;sizes&quot;:[]}}\" data-widget_type=\"nested-accordion.default\">\n\t\t\t\t\t\t\t<div class=\"e-n-accordion\" aria-label=\"Accordion. Open links with Enter or Space, close with Escape, and navigate with Arrow Keys\">\n\t\t\t\t\t\t<details id=\"e-n-accordion-item-2410\" class=\"e-n-accordion-item\" >\n\t\t\t\t<summary class=\"e-n-accordion-item-title\" data-accordion-index=\"1\" tabindex=\"0\" aria-expanded=\"false\" aria-controls=\"e-n-accordion-item-2410\" >\n\t\t\t\t\t<span class='e-n-accordion-item-title-header'><div class=\"e-n-accordion-item-title-text\"> COCODI 2026 <\/div><\/span>\n\t\t\t\t\t\t\t<span class='e-n-accordion-item-title-icon'>\n\t\t\t<span class='e-opened' ><svg aria-hidden=\"true\" class=\"e-font-icon-svg e-fas-minus\" viewBox=\"0 0 448 512\" xmlns=\"http:\/\/www.w3.org\/2000\/svg\"><path d=\"M416 208H32c-17.67 0-32 14.33-32 32v32c0 17.67 14.33 32 32 32h384c17.67 0 32-14.33 32-32v-32c0-17.67-14.33-32-32-32z\"><\/path><\/svg><\/span>\n\t\t\t<span class='e-closed'><svg aria-hidden=\"true\" class=\"e-font-icon-svg e-fas-plus\" viewBox=\"0 0 448 512\" xmlns=\"http:\/\/www.w3.org\/2000\/svg\"><path d=\"M416 208H272V64c0-17.67-14.33-32-32-32h-32c-17.67 0-32 14.33-32 32v144H32c-17.67 0-32 14.33-32 32v32c0 17.67 14.33 32 32 32h144v144c0 17.67 14.33 32 32 32h32c17.67 0 32-14.33 32-32V304h144c17.67 0 32-14.33 32-32v-32c0-17.67-14.33-32-32-32z\"><\/path><\/svg><\/span>\n\t\t<\/span>\n\n\t\t\t\t\t\t<\/summary>\n\t\t\t\t<div role=\"region\" aria-labelledby=\"e-n-accordion-item-2410\" class=\"elementor-element elementor-element-49a8810 e-con-full e-flex e-con e-child\" data-id=\"49a8810\" data-element_type=\"container\" data-e-type=\"container\">\n\t\t\t\t<div class=\"elementor-element elementor-element-b1c1bde elementor-widget elementor-widget-text-editor\" data-id=\"b1c1bde\" data-element_type=\"widget\" data-e-type=\"widget\" data-widget_type=\"text-editor.default\">\n\t\t\t\t\t\t\t\t\t<ol>\n<li><strong><span style=\"color: #808080;\"><a style=\"color: #808080;\" href=\"https:\/\/litorale.com.mx\/images\/cocodi\/Acta_Instalacion_COCODI2026.pdf\">Primera Sesi\u00f3n Extraordinari<\/a>a<\/span><\/strong><\/li>\n<li><strong><span style=\"color: #808080;\"><a style=\"color: #808080;\" href=\"https:\/\/litorale.com.mx\/images\/cocodi\/Acta_Instalacion_OrdCOCODI2026.pdf\">Primera Sesi\u00f3n Ordinaria<\/a><\/span><\/strong><\/li>\n<\/ol>\t\t\t\t\t\t\t\t<\/div>\n\t\t\t\t<\/div>\n\t\t\t\t\t<\/details>\n\t\t\t\t\t\t<details id=\"e-n-accordion-item-2411\" class=\"e-n-accordion-item\" >\n\t\t\t\t<summary class=\"e-n-accordion-item-title\" data-accordion-index=\"2\" tabindex=\"-1\" aria-expanded=\"false\" aria-controls=\"e-n-accordion-item-2411\" >\n\t\t\t\t\t<span class='e-n-accordion-item-title-header'><div class=\"e-n-accordion-item-title-text\"> COCODI 2025 <\/div><\/span>\n\t\t\t\t\t\t\t<span class='e-n-accordion-item-title-icon'>\n\t\t\t<span class='e-opened' ><svg aria-hidden=\"true\" class=\"e-font-icon-svg e-fas-minus\" viewBox=\"0 0 448 512\" xmlns=\"http:\/\/www.w3.org\/2000\/svg\"><path d=\"M416 208H32c-17.67 0-32 14.33-32 32v32c0 17.67 14.33 32 32 32h384c17.67 0 32-14.33 32-32v-32c0-17.67-14.33-32-32-32z\"><\/path><\/svg><\/span>\n\t\t\t<span class='e-closed'><svg aria-hidden=\"true\" class=\"e-font-icon-svg e-fas-plus\" viewBox=\"0 0 448 512\" xmlns=\"http:\/\/www.w3.org\/2000\/svg\"><path d=\"M416 208H272V64c0-17.67-14.33-32-32-32h-32c-17.67 0-32 14.33-32 32v144H32c-17.67 0-32 14.33-32 32v32c0 17.67 14.33 32 32 32h144v144c0 17.67 14.33 32 32 32h32c17.67 0 32-14.33 32-32V304h144c17.67 0 32-14.33 32-32v-32c0-17.67-14.33-32-32-32z\"><\/path><\/svg><\/span>\n\t\t<\/span>\n\n\t\t\t\t\t\t<\/summary>\n\t\t\t\t<div role=\"region\" aria-labelledby=\"e-n-accordion-item-2411\" class=\"elementor-element elementor-element-d513a7b e-con-full e-flex e-con e-child\" data-id=\"d513a7b\" data-element_type=\"container\" data-e-type=\"container\">\n\t\t\t\t<div class=\"elementor-element elementor-element-4e08508 elementor-widget elementor-widget-text-editor\" data-id=\"4e08508\" data-element_type=\"widget\" data-e-type=\"widget\" data-widget_type=\"text-editor.default\">\n\t\t\t\t\t\t\t\t\t<ol><li><h5><span style=\"color: #808080;\"><a style=\"color: #808080;\" href=\"https:\/\/litorale.com.mx\/images\/cocodi\/2025-ActadeInstalacion.pdf\" target=\"_blank\" rel=\"noopener\">Acta de Instalaci\u00f3n 2025<\/a><\/span><\/h5><\/li><li><h5><span style=\"color: #808080;\"><a style=\"color: #808080;\" href=\"https:\/\/litorale.com.mx\/images\/cocodi\/2025-ActaPrimeraSesionOrdinaria.pdf\" target=\"_blank\" rel=\"noopener\">Primera Sesi\u00f3n Ordinaria del COCODI 2025<\/a><\/span><\/h5><\/li><li><h5><span style=\"color: #808080;\"><a style=\"color: #808080;\" href=\"https:\/\/litorale.com.mx\/images\/cocodi\/2025-ActaSegundaSesionOrdinaria.pdf\" target=\"_blank\" rel=\"noopener\">Segunda Sesi\u00f3n Ordinaria del COCODI 2025<\/a><\/span><\/h5><\/li><li><h5><span style=\"color: #808080;\"><a style=\"color: #808080;\" href=\"https:\/\/litorale.com.mx\/images\/cocodi\/2025-ActaTerceraSesionOrdinaria.pdf\" target=\"_blank\" rel=\"noopener\">Tercera Sesi\u00f3n Ordinaria del COCODI 2025<\/a><\/span><\/h5><\/li><\/ol>\t\t\t\t\t\t\t\t<\/div>\n\t\t\t\t<\/div>\n\t\t\t\t\t<\/details>\n\t\t\t\t\t\t<details id=\"e-n-accordion-item-2412\" class=\"e-n-accordion-item\" >\n\t\t\t\t<summary class=\"e-n-accordion-item-title\" data-accordion-index=\"3\" tabindex=\"-1\" aria-expanded=\"false\" aria-controls=\"e-n-accordion-item-2412\" >\n\t\t\t\t\t<span class='e-n-accordion-item-title-header'><div class=\"e-n-accordion-item-title-text\"> COCODI 2024 <\/div><\/span>\n\t\t\t\t\t\t\t<span class='e-n-accordion-item-title-icon'>\n\t\t\t<span class='e-opened' ><svg aria-hidden=\"true\" class=\"e-font-icon-svg e-fas-minus\" viewBox=\"0 0 448 512\" xmlns=\"http:\/\/www.w3.org\/2000\/svg\"><path d=\"M416 208H32c-17.67 0-32 14.33-32 32v32c0 17.67 14.33 32 32 32h384c17.67 0 32-14.33 32-32v-32c0-17.67-14.33-32-32-32z\"><\/path><\/svg><\/span>\n\t\t\t<span class='e-closed'><svg aria-hidden=\"true\" class=\"e-font-icon-svg e-fas-plus\" viewBox=\"0 0 448 512\" xmlns=\"http:\/\/www.w3.org\/2000\/svg\"><path d=\"M416 208H272V64c0-17.67-14.33-32-32-32h-32c-17.67 0-32 14.33-32 32v144H32c-17.67 0-32 14.33-32 32v32c0 17.67 14.33 32 32 32h144v144c0 17.67 14.33 32 32 32h32c17.67 0 32-14.33 32-32V304h144c17.67 0 32-14.33 32-32v-32c0-17.67-14.33-32-32-32z\"><\/path><\/svg><\/span>\n\t\t<\/span>\n\n\t\t\t\t\t\t<\/summary>\n\t\t\t\t<div role=\"region\" aria-labelledby=\"e-n-accordion-item-2412\" class=\"elementor-element elementor-element-a0f1eb9 e-con-full e-flex e-con e-child\" data-id=\"a0f1eb9\" data-element_type=\"container\" data-e-type=\"container\">\n\t\t\t\t<div class=\"elementor-element elementor-element-dbf17b8 elementor-widget elementor-widget-text-editor\" data-id=\"dbf17b8\" data-element_type=\"widget\" data-e-type=\"widget\" data-widget_type=\"text-editor.default\">\n\t\t\t\t\t\t\t\t\t<ol><li><h5><span style=\"color: #808080;\"><a class=\"font-semibold \" style=\"color: #808080;\" href=\"https:\/\/litorale.com.mx\/images\/cocodi\/ActaInstalacion_PrimeraSesionCOCODI_SECVER.pdf\" target=\"_blank\" rel=\"noopener\">Acta de Instalaci\u00f3n y Primera Sesi\u00f3n del COCODI de la SECVER 2024.pdf<\/a><\/span><\/h5><\/li><\/ol>\t\t\t\t\t\t\t\t<\/div>\n\t\t\t\t<\/div>\n\t\t\t\t\t<\/details>\n\t\t\t\t\t\t<details id=\"e-n-accordion-item-2413\" class=\"e-n-accordion-item\" >\n\t\t\t\t<summary class=\"e-n-accordion-item-title\" data-accordion-index=\"4\" tabindex=\"-1\" aria-expanded=\"false\" aria-controls=\"e-n-accordion-item-2413\" >\n\t\t\t\t\t<span class='e-n-accordion-item-title-header'><div class=\"e-n-accordion-item-title-text\"> COCODI 2022 <\/div><\/span>\n\t\t\t\t\t\t\t<span class='e-n-accordion-item-title-icon'>\n\t\t\t<span class='e-opened' ><svg aria-hidden=\"true\" class=\"e-font-icon-svg e-fas-minus\" viewBox=\"0 0 448 512\" xmlns=\"http:\/\/www.w3.org\/2000\/svg\"><path d=\"M416 208H32c-17.67 0-32 14.33-32 32v32c0 17.67 14.33 32 32 32h384c17.67 0 32-14.33 32-32v-32c0-17.67-14.33-32-32-32z\"><\/path><\/svg><\/span>\n\t\t\t<span class='e-closed'><svg aria-hidden=\"true\" class=\"e-font-icon-svg e-fas-plus\" viewBox=\"0 0 448 512\" xmlns=\"http:\/\/www.w3.org\/2000\/svg\"><path d=\"M416 208H272V64c0-17.67-14.33-32-32-32h-32c-17.67 0-32 14.33-32 32v144H32c-17.67 0-32 14.33-32 32v32c0 17.67 14.33 32 32 32h144v144c0 17.67 14.33 32 32 32h32c17.67 0 32-14.33 32-32V304h144c17.67 0 32-14.33 32-32v-32c0-17.67-14.33-32-32-32z\"><\/path><\/svg><\/span>\n\t\t<\/span>\n\n\t\t\t\t\t\t<\/summary>\n\t\t\t\t<div role=\"region\" aria-labelledby=\"e-n-accordion-item-2413\" class=\"elementor-element elementor-element-45a474e e-con-full e-flex e-con e-child\" data-id=\"45a474e\" data-element_type=\"container\" data-e-type=\"container\">\n\t\t\t\t<div class=\"elementor-element elementor-element-daaa53d elementor-widget elementor-widget-text-editor\" data-id=\"daaa53d\" data-element_type=\"widget\" data-e-type=\"widget\" data-widget_type=\"text-editor.default\">\n\t\t\t\t\t\t\t\t\t<ol><li><h5><span style=\"color: #808080;\"><a class=\"font-semibold \" style=\"color: #808080;\" href=\"https:\/\/litorale.com.mx\/images\/cocodi\/10-.Primera%20Ordinaria%20del%20COCODI%202022.pdf\" target=\"_blank\" rel=\"noopener\">Primera Ordinaria del COCODI 2022.pdf<\/a><\/span><\/h5><\/li><li><h5><span style=\"color: #808080;\"><a class=\"font-semibold \" style=\"color: #808080;\" href=\"https:\/\/litorale.com.mx\/images\/cocodi\/11-.Segunda%20Sesion%20Ordinaria%20del%20COCODI%202022.pdf\" target=\"_blank\" rel=\"noopener\">Segunda Sesi\u00f3n Ordinaria del COCODI 2022.pdf<\/a><\/span><\/h5><\/li><li><h5><span style=\"color: #808080;\"><a class=\"font-semibold \" style=\"color: #808080;\" href=\"https:\/\/litorale.com.mx\/images\/cocodi\/12-.Tercera%20Sesion%20Ordinaria%20del%20COCODI%202022.pdf\" target=\"_blank\" rel=\"noopener\">Tercera Sesi\u00f3n Ordinaria del COCODI 2022.pdf<\/a><\/span><\/h5><\/li><li><h5><span style=\"color: #808080;\"><a class=\"font-semibold \" style=\"color: #808080;\" href=\"https:\/\/litorale.com.mx\/images\/cocodi\/13-.Cuarta%20Sesion%20Ordinaria%20del%20COCODI%202022.pdf\" target=\"_blank\" rel=\"noopener\">Cuarta Sesi\u00f3n Ordinaria del COCODI 2022.pdf<\/a><\/span><\/h5><\/li><\/ol>\t\t\t\t\t\t\t\t<\/div>\n\t\t\t\t<\/div>\n\t\t\t\t\t<\/details>\n\t\t\t\t\t\t<details id=\"e-n-accordion-item-2414\" class=\"e-n-accordion-item\" >\n\t\t\t\t<summary class=\"e-n-accordion-item-title\" data-accordion-index=\"5\" tabindex=\"-1\" aria-expanded=\"false\" aria-controls=\"e-n-accordion-item-2414\" >\n\t\t\t\t\t<span class='e-n-accordion-item-title-header'><div class=\"e-n-accordion-item-title-text\"> COCODI 2021 <\/div><\/span>\n\t\t\t\t\t\t\t<span class='e-n-accordion-item-title-icon'>\n\t\t\t<span class='e-opened' ><svg aria-hidden=\"true\" class=\"e-font-icon-svg e-fas-minus\" viewBox=\"0 0 448 512\" xmlns=\"http:\/\/www.w3.org\/2000\/svg\"><path d=\"M416 208H32c-17.67 0-32 14.33-32 32v32c0 17.67 14.33 32 32 32h384c17.67 0 32-14.33 32-32v-32c0-17.67-14.33-32-32-32z\"><\/path><\/svg><\/span>\n\t\t\t<span class='e-closed'><svg aria-hidden=\"true\" class=\"e-font-icon-svg e-fas-plus\" viewBox=\"0 0 448 512\" xmlns=\"http:\/\/www.w3.org\/2000\/svg\"><path d=\"M416 208H272V64c0-17.67-14.33-32-32-32h-32c-17.67 0-32 14.33-32 32v144H32c-17.67 0-32 14.33-32 32v32c0 17.67 14.33 32 32 32h144v144c0 17.67 14.33 32 32 32h32c17.67 0 32-14.33 32-32V304h144c17.67 0 32-14.33 32-32v-32c0-17.67-14.33-32-32-32z\"><\/path><\/svg><\/span>\n\t\t<\/span>\n\n\t\t\t\t\t\t<\/summary>\n\t\t\t\t<div role=\"region\" aria-labelledby=\"e-n-accordion-item-2414\" class=\"elementor-element elementor-element-fe1d4e8 e-con-full e-flex e-con e-child\" data-id=\"fe1d4e8\" data-element_type=\"container\" data-e-type=\"container\">\n\t\t\t\t<div class=\"elementor-element elementor-element-96d64b0 elementor-widget elementor-widget-text-editor\" data-id=\"96d64b0\" data-element_type=\"widget\" data-e-type=\"widget\" data-widget_type=\"text-editor.default\">\n\t\t\t\t\t\t\t\t\t<ol><li><h5><span style=\"color: #808080;\"><a class=\"font-semibold \" style=\"color: #808080;\" href=\"https:\/\/litorale.com.mx\/images\/cocodi\/5-.%20Primera%20Ordinaria%20del%20COCODI%202021.pdf\" target=\"_blank\" rel=\"noopener\">Primera Ordinaria del COCODI 2021.pdf<\/a><\/span><\/h5><\/li><li><h5><span style=\"color: #808080;\"><a class=\"font-semibold \" style=\"color: #808080;\" href=\"https:\/\/litorale.com.mx\/images\/cocodi\/6-.%20Segunda%20Sesion%20Ordinaria%20del%20COCODI%202021.pdf\" target=\"_blank\" rel=\"noopener\">Segunda Sesi\u00f3n Ordinaria del COCODI 2021<\/a><\/span><\/h5><\/li><li><h5><span style=\"color: #808080;\"><a class=\"font-semibold \" style=\"color: #808080;\" href=\"https:\/\/litorale.com.mx\/images\/cocodi\/8-.%20Tercera%20Sesion%20Ordinaria%20del%20COCODI%202021.pdf\" target=\"_blank\" rel=\"noopener\">Tercera Sesi\u00f3n Ordinaria del COCODI 2021.pdf<\/a><\/span><\/h5><\/li><li><h5><span style=\"color: #808080;\"><a class=\"font-semibold \" style=\"color: #808080;\" href=\"https:\/\/litorale.com.mx\/images\/cocodi\/9-.%20Cuarta%20Sesion%20Ordinaria%20del%20COCODI%202021.pdf\" target=\"_blank\" rel=\"noopener\">Cuarta Sesi\u00f3n Ordinaria del COCODI 2021.pdf<\/a><\/span><\/h5><\/li><li><h5><span style=\"color: #808080;\"><a class=\"font-semibold \" style=\"color: #808080;\" href=\"https:\/\/litorale.com.mx\/images\/cocodi\/4-.%20Primera%20Extraordinaria%20del%20COCODI%202021.pdf\" target=\"_blank\" rel=\"noopener\">Primera Extraordinaria del COCODI 2021.pdf<\/a><\/span><\/h5><\/li><li><h5><span style=\"color: #808080;\"><a class=\"font-semibold \" style=\"color: #808080;\" href=\"https:\/\/litorale.com.mx\/images\/cocodi\/7-.%20Segunda%20Sesion%20Extraordinaria%20del%20COCODI%202021.pdf\" target=\"_blank\" rel=\"noopener\">Segunda Sesi\u00f3n Extraordinaria del COCODI 2021<\/a><\/span><\/h5><\/li><\/ol>\t\t\t\t\t\t\t\t<\/div>\n\t\t\t\t<\/div>\n\t\t\t\t\t<\/details>\n\t\t\t\t\t\t<details id=\"e-n-accordion-item-2415\" class=\"e-n-accordion-item\" >\n\t\t\t\t<summary class=\"e-n-accordion-item-title\" data-accordion-index=\"6\" tabindex=\"-1\" aria-expanded=\"false\" aria-controls=\"e-n-accordion-item-2415\" >\n\t\t\t\t\t<span class='e-n-accordion-item-title-header'><div class=\"e-n-accordion-item-title-text\"> COCODI 2020 <\/div><\/span>\n\t\t\t\t\t\t\t<span class='e-n-accordion-item-title-icon'>\n\t\t\t<span class='e-opened' ><svg aria-hidden=\"true\" class=\"e-font-icon-svg e-fas-minus\" viewBox=\"0 0 448 512\" xmlns=\"http:\/\/www.w3.org\/2000\/svg\"><path d=\"M416 208H32c-17.67 0-32 14.33-32 32v32c0 17.67 14.33 32 32 32h384c17.67 0 32-14.33 32-32v-32c0-17.67-14.33-32-32-32z\"><\/path><\/svg><\/span>\n\t\t\t<span class='e-closed'><svg aria-hidden=\"true\" class=\"e-font-icon-svg e-fas-plus\" viewBox=\"0 0 448 512\" xmlns=\"http:\/\/www.w3.org\/2000\/svg\"><path d=\"M416 208H272V64c0-17.67-14.33-32-32-32h-32c-17.67 0-32 14.33-32 32v144H32c-17.67 0-32 14.33-32 32v32c0 17.67 14.33 32 32 32h144v144c0 17.67 14.33 32 32 32h32c17.67 0 32-14.33 32-32V304h144c17.67 0 32-14.33 32-32v-32c0-17.67-14.33-32-32-32z\"><\/path><\/svg><\/span>\n\t\t<\/span>\n\n\t\t\t\t\t\t<\/summary>\n\t\t\t\t<div role=\"region\" aria-labelledby=\"e-n-accordion-item-2415\" class=\"elementor-element elementor-element-22df2bd e-con-full e-flex e-con e-child\" data-id=\"22df2bd\" data-element_type=\"container\" data-e-type=\"container\">\n\t\t\t\t<div class=\"elementor-element elementor-element-641b237 elementor-widget elementor-widget-text-editor\" data-id=\"641b237\" data-element_type=\"widget\" data-e-type=\"widget\" data-widget_type=\"text-editor.default\">\n\t\t\t\t\t\t\t\t\t<ol><li><h5><span style=\"color: #808080;\"><a class=\"font-semibold \" style=\"color: #808080;\" href=\"https:\/\/litorale.com.mx\/images\/cocodi\/1-. Primera Sesion Ordinaria del COCODI 2020.pdf\" target=\"_blank\" rel=\"noopener\" data-wplink-url-error=\"true\">Primera Sesi\u00f3n Ordinaria del COCODI 2020.pdf<\/a><\/span><\/h5><\/li><li><h5><span style=\"color: #808080;\"><a class=\"font-semibold \" style=\"color: #808080;\" href=\"https:\/\/litorale.com.mx\/images\/cocodi\/2-.%20Segunda%20Sesion%20Ordinaria%20del%20COCODI%202020.pdf\" target=\"_blank\" rel=\"noopener\">Segunda Sesi\u00f3n Ordinaria del COCODI 2020.pdf<\/a><\/span><\/h5><\/li><li><h5><span style=\"color: #808080;\"><a class=\"font-semibold \" style=\"color: #808080;\" href=\"https:\/\/litorale.com.mx\/images\/cocodi\/3%20-.Primera%20Sesion%20Extraordinaria%20del%20COCODI%202020.pdf\" target=\"_blank\" rel=\"noopener\">Primera Sesi\u00f3n Extraordinaria del COCODI 2020<\/a><\/span><\/h5><\/li><\/ol>\t\t\t\t\t\t\t\t<\/div>\n\t\t\t\t<\/div>\n\t\t\t\t\t<\/details>\n\t\t\t\t\t<\/div>\n\t\t\t\t\t\t<\/div>\n\t\t\t\t\t<\/div>\n\t\t\t\t<\/div>\n\t\t\t\t<\/div>\n\t\t","protected":false},"excerpt":{"rendered":"<p>COCODI 2026 Primera Sesi\u00f3n Extraordinaria Primera Sesi\u00f3n Ordinaria COCODI 2025 Acta de Instalaci\u00f3n 2025 Primera Sesi\u00f3n Ordinaria del COCODI 2025 Segunda Sesi\u00f3n Ordinaria del COCODI 2025 Tercera Sesi\u00f3n Ordinaria del COCODI 2025 COCODI 2024 Acta de Instalaci\u00f3n y Primera Sesi\u00f3n del COCODI de la SECVER 2024.pdf COCODI 2022 Primera Ordinaria del COCODI 2022.pdf Segunda Sesi\u00f3n&hellip;&nbsp;<\/p>\n","protected":false},"author":1,"featured_media":0,"parent":0,"menu_order":0,"comment_status":"closed","ping_status":"closed","template":"page-templates\/template-pagebuilder-full-width.php","meta":{"neve_meta_sidebar":"","neve_meta_container":"","neve_meta_enable_content_width":"","neve_meta_content_width":0,"neve_meta_title_alignment":"","neve_meta_author_avatar":"","neve_post_elements_order":"","neve_meta_disable_header":"","neve_meta_disable_footer":"","neve_meta_disable_title":"","footnotes":""},"class_list":["post-1252","page","type-page","status-publish","hentry"],"_links":{"self":[{"href":"https:\/\/culturaveracruz.gob.mx\/secver\/wp-json\/wp\/v2\/pages\/1252","targetHints":{"allow":["GET"]}}],"collection":[{"href":"https:\/\/culturaveracruz.gob.mx\/secver\/wp-json\/wp\/v2\/pages"}],"about":[{"href":"https:\/\/culturaveracruz.gob.mx\/secver\/wp-json\/wp\/v2\/types\/page"}],"author":[{"embeddable":true,"href":"https:\/\/culturaveracruz.gob.mx\/secver\/wp-json\/wp\/v2\/users\/1"}],"replies":[{"embeddable":true,"href":"https:\/\/culturaveracruz.gob.mx\/secver\/wp-json\/wp\/v2\/comments?post=1252"}],"version-history":[{"count":83,"href":"https:\/\/culturaveracruz.gob.mx\/secver\/wp-json\/wp\/v2\/pages\/1252\/revisions"}],"predecessor-version":[{"id":2167,"href":"https:\/\/culturaveracruz.gob.mx\/secver\/wp-json\/wp\/v2\/pages\/1252\/revisions\/2167"}],"wp:attachment":[{"href":"https:\/\/culturaveracruz.gob.mx\/secver\/wp-json\/wp\/v2\/media?parent=1252"}],"curies":[{"name":"wp","href":"https:\/\/api.w.org\/{rel}","templated":true}]}}